{"id":1225,"date":"2020-12-21T19:12:07","date_gmt":"2020-12-21T18:12:07","guid":{"rendered":"https:\/\/www.scuolamonterisi.edu.it\/wordpress\/?page_id=1225"},"modified":"2025-10-04T07:36:07","modified_gmt":"2025-10-04T05:36:07","slug":"ricevimento-genitori","status":"publish","type":"page","link":"https:\/\/www.scuolamonterisi.edu.it\/index.php\/area-genitori\/ricevimento-genitori\/","title":{"rendered":"RICEVIMENTO GENITORI"},"content":{"rendered":"<div class=\"kc-elm kc-css-420458 kc-row-container module\"><div class=\"wc-row row\"><div class=\"kc-wrap-columns\"><div class=\"kc-elm kc-css-18231 small-12 columns small-12\"><div class=\"kc-col-container\"><div class=\"kc-elm kc-css-734690 kc_text_block\"><\/p>\n<p style=\"font-weight: 400;\">Come da delibera del Collegio dei Docenti gli incontri scuola famiglia per la <strong>Scuola Secondaria di Primo Grado<\/strong> si svolgeranno in presenza presso i plessi di pertinenza. per garantire la fruibilit\u00e0 dei colloqui ai genitori lavoratori impossibilitati ad usufruire dell\u2019orario di ricevimento antimeridiano, si programmeranno appuntamenti in modalit\u00e0 online tramite applicativo MEET in orario post meridiano.<\/p>\n<p style=\"font-weight: 400;\">Gli incontri potranno essere calendarizzati dai docenti in orario antimeridiano e postmeridiano al fine di evitare sovrapposizioni e garantire all\u2019utenza la massima accoglienza.<\/p>\n<p style=\"font-weight: 400;\">Tutti gli incontri dovranno essere programmati mensilmente dal docente tramite apposita funzione del registro elettronico. I genitori\/tutori potranno avere un solo colloquio al mese.<\/p>\n<p style=\"font-weight: 400;\"><strong>CALENDARIO COLLOQUI SCUOLA \u2013 FAMIGLIA S.S.P.G.<\/strong><\/p>\n<table width=\"651\">\n<tbody>\n<tr>\n<td width=\"113\">\n<p><strong>DATA<\/strong><\/p>\n<\/td>\n<td width=\"104\">\n<p><strong>MESI<\/strong><\/p>\n<\/td>\n<td width=\"47\">\n<p><strong>ORE<\/strong><\/p>\n<\/td>\n<td width=\"387\">\n<p><strong>MODALIT\u00c0<\/strong><\/p>\n<\/td>\n<\/tr>\n<tr>\n<td width=\"113\">\n<p><strong>dal 13 al 24<\/strong><\/p>\n<\/td>\n<td width=\"104\">\n<p>OTTOBRE<\/p>\n<\/td>\n<td width=\"47\">\n<p>2<\/p>\n<\/td>\n<td width=\"387\">\n<p><em>2 in presenza mattina<\/em><\/p>\n<\/td>\n<\/tr>\n<tr>\n<td width=\"113\">\n<p><strong>dal 03 al 21<\/strong><\/p>\n<\/td>\n<td width=\"104\">\n<p>NOVEMBRE<\/p>\n<\/td>\n<td width=\"47\">\n<p>3<\/p>\n<\/td>\n<td width=\"387\">\n<p><em>2 in presenza mattina + 1 online pomeriggio<\/em><\/p>\n<\/td>\n<\/tr>\n<tr>\n<td width=\"113\">\n<p><strong>dal 12 al 30<\/strong><\/p>\n<\/td>\n<td rowspan=\"2\" width=\"104\">\n<p>GENNAIO<\/p>\n<\/td>\n<td width=\"47\">\n<p>3<\/p>\n<\/td>\n<td width=\"387\">\n<p><em>2 in presenza mattina + 1 online pomeriggio<\/em><\/p>\n<\/td>\n<\/tr>\n<tr>\n<td width=\"113\">\n<p><strong>GIOVEDI 08<\/strong><\/p>\n<\/td>\n<td width=\"47\">\n<p>1<\/p>\n<\/td>\n<td width=\"387\">\n<p><em>1 incontro pomeridiano in presenza per consegna consiglio orientativo per le famiglie degli alunni delle classi terze<\/em><\/p>\n<\/td>\n<\/tr>\n<tr>\n<td width=\"113\">\n<p><strong>dal 09 al 27<\/strong><\/p>\n<\/td>\n<td width=\"104\">\n<p>FEBBRAIO<\/p>\n<\/td>\n<td width=\"47\">\n<p>3<\/p>\n<\/td>\n<td width=\"387\">\n<p><em>2 in presenza mattina + 1 online pomeriggio<\/em><\/p>\n<\/td>\n<\/tr>\n<tr>\n<td width=\"113\">\n<p><strong>dal 09 al 20<\/strong><\/p>\n<\/td>\n<td width=\"104\">\n<p>MARZO<\/p>\n<\/td>\n<td width=\"47\">\n<p>2<\/p>\n<\/td>\n<td width=\"387\">\n<p><em>2 in presenza mattina<\/em><\/p>\n<\/td>\n<\/tr>\n<tr>\n<td width=\"113\">\n<p><strong>dal 13 al 24<\/strong><\/p>\n<\/td>\n<td width=\"104\">\n<p>APRILE<\/p>\n<\/td>\n<td width=\"47\">\n<p>2<\/p>\n<\/td>\n<td width=\"387\">\n<p><em>2 in presenza mattina<\/em><\/p>\n<\/td>\n<\/tr>\n<tr>\n<td width=\"113\">\n<p><strong>dal 04 al 22<\/strong><\/p>\n<\/td>\n<td width=\"104\">\n<p>MAGGIO<\/p>\n<\/td>\n<td width=\"47\">\n<p>3<\/p>\n<\/td>\n<td width=\"387\">\n<p><em>2 in presenza mattina + 1 online pomeriggio<\/em><\/p>\n<\/td>\n<\/tr>\n<\/tbody>\n<\/table>\n<p style=\"font-weight: 400;\">Per la <strong>Scuola Primaria <\/strong>i colloqui scuola \u2013 famiglia si svolgeranno in presenza presso il plesso di pertinenza. Per garantire la fruibilit\u00e0 dei colloqui ai genitori lavoratori impossibilitati ad usufruire dell\u2019orario di ricevimento antimeridiano, si programmeranno INCONTRI SCUOLA \u2013 FAMIGLIA pomeridiani.<\/p>\n<p style=\"font-weight: 400;\">Tutti gli incontri dovranno essere programmati mensilmente dal docente tramite apposita funzione del registro elettronico. I genitori\/tutori potranno avere un solo colloquio al mese.<\/p>\n<p style=\"font-weight: 400;\"><strong>CALENDARIO COLLOQUI SCUOLA \u2013 FAMIGLIA SCUOLA PRIMARIA<\/strong><\/p>\n<table width=\"651\">\n<tbody>\n<tr>\n<td width=\"113\">\n<p><strong>DATA<\/strong><\/p>\n<\/td>\n<td width=\"104\">\n<p><strong>MESI<\/strong><\/p>\n<\/td>\n<td width=\"47\">\n<p><strong>ORE<\/strong><\/p>\n<\/td>\n<td width=\"387\">\n<p><strong>TIPOLOGIA<\/strong><\/p>\n<\/td>\n<\/tr>\n<tr>\n<td width=\"113\">\n<p><strong>dal 13 al 24<\/strong><\/p>\n<\/td>\n<td width=\"104\">\n<p>OTTOBRE<\/p>\n<\/td>\n<td width=\"47\">\n<p>2<\/p>\n<\/td>\n<td width=\"387\">\n<p><em>individuale<\/em><\/p>\n<\/td>\n<\/tr>\n<tr>\n<td width=\"113\">\n<p><strong>dal 03 al 14<\/strong><\/p>\n<\/td>\n<td width=\"104\">\n<p>NOVEMBRE<\/p>\n<\/td>\n<td width=\"47\">\n<p>2<\/p>\n<\/td>\n<td width=\"387\">\n<p><em>individuale<\/em><\/p>\n<\/td>\n<\/tr>\n<tr>\n<td width=\"113\">\n<p><strong>MERCOLEDI 10<\/strong><\/p>\n<\/td>\n<td width=\"104\">\n<p>DICEMBRE<\/p>\n<\/td>\n<td width=\"47\">\n<p>2<\/p>\n<\/td>\n<td width=\"387\">\n<p><em>Incontro SCUOLA-FAMIGLIA 16:30 \u2013 18:30<\/em><\/p>\n<\/td>\n<\/tr>\n<tr>\n<td width=\"113\">\n<p><strong>GIOVEDI 19<\/strong><\/p>\n<\/td>\n<td width=\"104\">\n<p>FEBBRAIO<\/p>\n<\/td>\n<td width=\"47\">\n<p>2<\/p>\n<\/td>\n<td width=\"387\">\n<p><em>Incontro SCUOLA-FAMIGLIA 16:30 \u2013 18:30<\/em><\/p>\n<\/td>\n<\/tr>\n<tr>\n<td width=\"113\">\n<p><strong>dal 09 al 20<\/strong><\/p>\n<\/td>\n<td width=\"104\">\n<p>MARZO<\/p>\n<\/td>\n<td width=\"47\">\n<p>2<\/p>\n<\/td>\n<td width=\"387\">\n<p><em>individuale<\/em><\/p>\n<\/td>\n<\/tr>\n<tr>\n<td width=\"113\">\n<p><strong>GIOVEDI 09<\/strong><\/p>\n<\/td>\n<td width=\"104\">\n<p>APRILE<\/p>\n<\/td>\n<td width=\"47\">\n<p>2<\/p>\n<\/td>\n<td width=\"387\">\n<p><em>Incontro SCUOLA-FAMIGLIA 16:30 \u2013 18:30<\/em><\/p>\n<\/td>\n<\/tr>\n<tr>\n<td width=\"113\">\n<p><strong>dal 04 al 08<\/strong><\/p>\n<\/td>\n<td width=\"104\">\n<p>MAGGIO<\/p>\n<\/td>\n<td width=\"47\">\n<p>1<\/p>\n<\/td>\n<td width=\"387\">\n<p><em>individuale<\/em><\/p>\n<\/td>\n<\/tr>\n<\/tbody>\n<\/table>\n<p style=\"font-weight: 400;\">Per la <strong>Scuola dell\u2019INFANZIA <\/strong>i colloqui scuola \u2013 famiglia si svolgeranno in presenza in appositi INCONTRI SCUOLA \u2013 FAMIGLIA pomeridiani secondo il seguente calendario:<\/p>\n<table width=\"651\">\n<tbody>\n<tr>\n<td width=\"113\">\n<p><strong>DATA<\/strong><\/p>\n<\/td>\n<td width=\"104\">\n<p><strong>MESI<\/strong><\/p>\n<\/td>\n<td width=\"47\">\n<p><strong>ORE<\/strong><\/p>\n<\/td>\n<td width=\"387\">\n<p><strong>TIPOLOGIA<\/strong><\/p>\n<\/td>\n<\/tr>\n<tr>\n<td width=\"113\">\n<p><strong>MARTEDI 02<\/strong><\/p>\n<\/td>\n<td width=\"104\">\n<p>DICEMBRE<\/p>\n<\/td>\n<td width=\"47\">\n<p>2<\/p>\n<\/td>\n<td width=\"387\">\n<p><em>Incontro SCUOLA-FAMIGLIA 16:30 \u2013 18:30<\/em><\/p>\n<\/td>\n<\/tr>\n<tr>\n<td width=\"113\">\n<p><strong>GIOVEDI 19<\/strong><\/p>\n<\/td>\n<td width=\"104\">\n<p>FEBBRAIO<\/p>\n<\/td>\n<td width=\"47\">\n<p>2<\/p>\n<\/td>\n<td width=\"387\">\n<p><em>Incontro SCUOLA-FAMIGLIA 16:30 \u2013 18:30<\/em><\/p>\n<\/td>\n<\/tr>\n<tr>\n<td width=\"113\">\n<p><strong>MARTEDI 19<\/strong><\/p>\n<\/td>\n<td width=\"104\">\n<p>MAGGIO<\/p>\n<\/td>\n<td width=\"47\">\n<p>2<\/p>\n<\/td>\n<td width=\"387\">\n<p><em>Incontro SCUOLA-FAMIGLIA 16:30 \u2013 18:30<\/em><\/p>\n<\/td>\n<\/tr>\n<\/tbody>\n<\/table>\n<p style=\"font-weight: 400;\"><span style=\"font-weight: 400;\">\u00a0<\/span>I genitori\/tutori potranno avere non pi\u00f9 di un incontro al mese.<\/p>\n<p style=\"font-weight: 400;\">I docenti dovranno programmare mensilmente gli orari di ricevimento tramite apposita funzione del registro elettronico avendo cura, nei mesi previsti dal piano, di programmare i primi due \u00a0incontri in presenza ed il terzo online con il link del collegamento MEET da utilizzare.<\/p>\n<p style=\"font-weight: 400;\">Le famiglie potranno prenotare l\u2019appuntamento mensile tramite l\u2019apposita funzione del registro elettronico.<\/p>\n<p style=\"font-weight: 400;\">I referenti di plesso avranno cura di individuare gli spazi per l\u2019ordinato svolgimento dei colloqui individuali garantendo a docenti e famiglie l\u2019opportuna riservatezza.<\/p>\n<p style=\"font-weight: 400;\">Gli incontri post meridiani si svolgeranno su piattaforma MEET con link pubblicato dal docente nell\u2019apposita area (ricevimento docente) del registro elettronico.<\/p>\n<p style=\"font-weight: 400;\">I docenti avranno cura di:<\/p>\n<ul>\n<li>utilizzare il proprio account scolastico (@scuolamonterisi.edu.it)<\/li>\n<li>lanciare il meeting puntualmente secondo gli orari di seguito indicati a prescindere dalle prenotazioni ricevute<\/li>\n<li>ricevere i genitori uno per volta per colloqui individuali di massimo 5 minuti<\/li>\n<li>ammettere al meeting il genitore secondo l\u2019ordine di collegamento<\/li>\n<\/ul>\n<p style=\"font-weight: 400;\">Da questa pagina \u00e8 possibile scaricare i prospetti indicativi delle disponibilit\u00e0 orarie dei docenti. Suddetti orari potranno subire modifiche in relazione allo svolgimento delle attivit\u00e0 funzionali all\u2019insegnamento, pertanto, nelle settimane di ricevimento, i genitori sono pregati di verificare la disponibilit\u00e0 di prenotazione tramite l\u2019apposita funzione del Registro Elettronico.<\/p>\n<p>\n<\/div><\/div><\/div><div class=\"kc-elm kc-css-835143 small-12 columns small-12\"><div class=\"kc-col-container\"><div class=\"kc-elm kc-css-434753 kc_shortcode kc_single_image\">\n\n        <img src=\"https:\/\/www.scuolamonterisi.edu.it\/wp-content\/uploads\/2020\/12\/genitori.jpg\" class=\"\" alt=\"\" \/>    <\/div>\n<div class=\"kc-elm kc-css-235814\" style=\"height: 30px; clear: both; width:100%;\"><\/div><div class=\"kc-elm kc-css-700096 kc_text_block\"><\/p>\n<h4 style=\"text-align: center;\"><strong>ORARI PRIMARIA<\/strong><\/h4>\n<p>\n<\/div><div class=\"kc-elm kc-css-300921 kc_shortcode kc_single_image\">\n\n        <a  href=\"https:\/\/www.scuolamonterisi.edu.it\/wp-content\/uploads\/2025\/10\/Primaria_ricevimento_25_26.pdf\" title=\"\" target=\"_blank\">\n        <img src=\"https:\/\/www.scuolamonterisi.edu.it\/wp-content\/uploads\/2020\/12\/download-pdf-3660827_960_720.png\" class=\"\" alt=\"\" \/>    <\/a>\n    <\/div>\n<div class=\"kc-elm kc-css-972106\" style=\"height: 30px; clear: both; width:100%;\"><\/div><div class=\"kc-elm kc-css-460535 kc_text_block\"><\/p>\n<h4 style=\"text-align: center;\"><strong>ORARI S.S.P.G.<\/strong><\/h4>\n<p>\n<\/div><div class=\"kc-elm kc-css-508064 kc_shortcode kc_single_image\">\n\n        <a  href=\"https:\/\/www.scuolamonterisi.edu.it\/wp-content\/uploads\/2025\/10\/Orario-di-ricevimento-24_25.xlsx.pdf\" title=\"\" target=\"_blank\">\n        <img src=\"https:\/\/www.scuolamonterisi.edu.it\/wp-content\/uploads\/2020\/12\/download-pdf-3660827_960_720.png\" class=\"\" alt=\"\" \/>    <\/a>\n    <\/div>\n<\/div><\/div><\/div><\/div><\/div>\n","protected":false},"excerpt":{"rendered":"","protected":false},"author":1,"featured_media":0,"parent":153,"menu_order":0,"comment_status":"closed","ping_status":"closed","template":"template-modules.php","meta":[],"_links":{"self":[{"href":"https:\/\/www.scuolamonterisi.edu.it\/index.php\/wp-json\/wp\/v2\/pages\/1225"}],"collection":[{"href":"https:\/\/www.scuolamonterisi.edu.it\/index.php\/wp-json\/wp\/v2\/pages"}],"about":[{"href":"https:\/\/www.scuolamonterisi.edu.it\/index.php\/wp-json\/wp\/v2\/types\/page"}],"author":[{"embeddable":true,"href":"https:\/\/www.scuolamonterisi.edu.it\/index.php\/wp-json\/wp\/v2\/users\/1"}],"replies":[{"embeddable":true,"href":"https:\/\/www.scuolamonterisi.edu.it\/index.php\/wp-json\/wp\/v2\/comments?post=1225"}],"version-history":[{"count":27,"href":"https:\/\/www.scuolamonterisi.edu.it\/index.php\/wp-json\/wp\/v2\/pages\/1225\/revisions"}],"predecessor-version":[{"id":6153,"href":"https:\/\/www.scuolamonterisi.edu.it\/index.php\/wp-json\/wp\/v2\/pages\/1225\/revisions\/6153"}],"up":[{"embeddable":true,"href":"https:\/\/www.scuolamonterisi.edu.it\/index.php\/wp-json\/wp\/v2\/pages\/153"}],"wp:attachment":[{"href":"https:\/\/www.scuolamonterisi.edu.it\/index.php\/wp-json\/wp\/v2\/media?parent=1225"}],"curies":[{"name":"wp","href":"https:\/\/api.w.org\/{rel}","templated":true}]}}