{"id":1255,"date":"2020-12-21T21:41:37","date_gmt":"2020-12-21T20:41:37","guid":{"rendered":"https:\/\/www.scuolamonterisi.edu.it\/wordpress\/?page_id=1255"},"modified":"2025-01-04T17:14:08","modified_gmt":"2025-01-04T16:14:08","slug":"scuola-dellinfanzia","status":"publish","type":"page","link":"https:\/\/www.scuolamonterisi.edu.it\/index.php\/scuola-dellinfanzia\/","title":{"rendered":"SCUOLA DELL&#8217;INFANZIA"},"content":{"rendered":"<p><div class=\"kc-elm kc-css-807166 kc-row-container module\"><div class=\"wc-row row\"><div class=\"kc-wrap-columns\"><div class=\"kc-elm kc-css-849942 small-12 columns small-12\"><div class=\"kc-col-container\"><div id=\"829084\" class=\"section-title-wrapper\"><div class=\"section-title\"><h2>SCUOLA DELL:apos:INFANZIA<\/h2><p>Plesso Don Milani - via Belisario Corenzio n.46<\/p><\/div><!-- Section title \/--><\/div><!-- Title Wrapper \/--><div class=\"kc-elm kc-css-888156 kc_shortcode kc_single_image\">\n\n        <img src=\"https:\/\/www.scuolamonterisi.edu.it\/wp-content\/uploads\/2024\/12\/ingresso.jpeg\" class=\"\" alt=\"\" \/>    <\/div>\n<\/div><\/div><\/div><\/div><\/div><div class=\"kc-elm kc-css-130452 kc-row-container module\"><div class=\"wc-row row\"><div class=\"kc-wrap-columns\"><div class=\"kc-elm kc-css-511170 small-12 columns small-12\"><div class=\"kc-col-container\"><div class=\"kc-elm kc-css-292858 kc_text_block\"><\/p>\n<p>La scuola dell\u2019infanzia fa parte del\u00a0<a href=\"https:\/\/www.miur.gov.it\/web\/guest\/sistema-integrato-0-6\">Sistema integrato di educazione e di istruzione dalla nascita ai sei anni<\/a>\u00a0ed \u00e8 il primo gradino del percorso di istruzione, ha durata triennale, non \u00e8 obbligatoria ed \u00e8 aperta a tutte le bambine e i bambini di et\u00e0 compresa fra i tre e i cinque anni.<\/p>\n<p>La scuola dell\u2019infanzia concorre all\u2019educazione e allo sviluppo affettivo, psicomotorio, cognitivo, morale, religioso e sociale dei bambini promuovendone le potenzialit\u00e0 di relazione, autonomia, creativit\u00e0, apprendimento e mira ad assicurare un\u2019effettiva uguaglianza delle opportunit\u00e0 educative.\u00a0Nel rispetto del ruolo educativo dei genitori, contribuisce alla formazione integrale dei bambini e, nella sua autonomia e unitariet\u00e0 didattica e pedagogica, realizza la continuit\u00e0 educativa con il nido e con la scuola primaria.<\/p>\n<p>Il\u00a0<a href=\"http:\/\/www.normattiva.it\/uri-res\/N2Ls?urn:nir:stato:decreto.del.presidente.della.repubblica:2009-03-20;89!vig=\">Decreto del Presidente della Repubblica n.89 del 2009<\/a>\u00a0ha disciplinato il riordino della scuola dell\u2019infanzia e del primo ciclo di istruzione.<\/p>\n<p>Fanno parte del sistema nazionale di istruzione le scuole dell\u2019infanzia statali e paritarie a gestione pubblica e privata.<\/p>\n<p>La frequenza delle scuole dell\u2019infanzia statali \u00e8 gratuita; sono a carico delle famiglie le spese per il pasto, l\u2019eventuale trasporto pubblico (scuolabus), l\u2019eventuale prolungamento dell\u2019orario (servizio di pre- o post-scuola). Le scuole dell\u2019infanzia paritarie per la frequenza richiedono il pagamento di una retta.<\/p>\n<p><strong>Iscrizioni e anticipi\u00a0<\/strong><\/p>\n<p>Possono iscriversi alla scuola dell\u2019infanzia le bambine e i bambini che compiono tre anni di et\u00e0 entro il 31 dicembre dell\u2019anno di riferimento.<br \/>Su richiesta delle famiglie possono essere iscritti alla scuola dell&#039;infanzia anche le bambine e i bambini che compiono tre anni di et\u00e0 entro il 30 aprile dell&#039;anno successivo (anticipatari). Tale possibilit\u00e0 \u00e8 subordinata alle seguenti condizioni:<br \/>a) disponibilit\u00e0 dei posti;<\/p>\n<ol>\n<li>accertamento dell&#039;avvenuto esaurimento di eventuali liste di attesa;<\/li>\n<li>disponibilit\u00e0 di locali e dotazioni idonei sotto il profilo dell&#039;agibilit\u00e0 e funzionalit\u00e0, tali da rispondere alle diverse esigenze dei bambini di et\u00e0 inferiore a tre anni;<\/li>\n<li>valutazione pedagogica e didattica, da parte del collegio dei docenti, dei tempi e delle modalit\u00e0 dell&#039;accoglienza.<\/li>\n<\/ol>\n<p><strong>Orario di funzionamento<\/strong><\/p>\n<p>L&#039;orario di funzionamento della scuola dell&#039;infanzia \u00e8 stabilito in 40 ore settimanali, con possibilit\u00e0 di estensione fino a 50 ore. Le famiglie possono richiedere un tempo scuola ridotto, limitato alla sola fascia del mattino, per complessive 25 ore settimanali.<\/p>\n<p>Le istituzioni scolastiche organizzano le attivit\u00e0 educative per la scuola dell&#039;infanzia con l&#039;inserimento dei bambini in sezioni distinte a seconda dei modelli orario scelti dalle famiglie.<\/p>\n<p>Attualmente l\u2019orario \u00e8 il seguente:<\/p>\n<p>8.00 \u2013 16.00 dal luned\u00ec al venerd\u00ec, con mensa<\/p>\n<p>Entrata dalle ore 08:00 alle ore 09:00 \u2013 Uscita dalle ore 15:30 alle ore 16:00<\/p>\n<p>antimeridiano (ridotto): ore 8.00-13.00 dal luned\u00ec al venerd\u00ec, senza mensa<\/p>\n<p>Entrata dalle ore 08:00 alle ore 09:00 \u2013 Uscita dalle ore 12:45 alle ore 13:00<\/p>\n<p><strong>Sezioni<\/strong><br \/>Le sezioni di scuola dell&#039;infanzia sono costituite, di norma, con un numero minimo di 18 bambini e un numero massimo di 26. \u00c8 comunque possibile arrivare fino a 29 bambini (articolo 9, Decreto del Presidente della Repubblica 81 del 2009).<br \/>Se accolgono alunni con disabilit\u00e0 in situazione di gravit\u00e0, le sezioni di scuola dell&#039;infanzia sono costituite, di norma, con non pi\u00f9 di 20 alunni.<\/p>\n<p><strong>Indicazioni nazionali e attivit\u00e0 educative e didattiche<\/strong><\/p>\n<p>Le\u00a0<a href=\"https:\/\/www.miur.gov.it\/documents\/20182\/51310\/DM+254_2012.pdf\/1f967360-0ca6-48fb-95e9-c15d49f18831?version=1.0&#038;t=1480418494262\">Indicazioni nazionali<\/a>\u00a0fissano i traguardi per lo sviluppo delle competenze delle bambine e dei bambini per ciascuno dei cinque \u201ccampi di esperienza\u201d sui quali si basano le attivit\u00e0 educative e didattiche della scuola dell\u2019infanzia:<br \/>&#8211; Il s\u00e9 e l\u2019altro<\/p>\n<p>&#8211; Il corpo e il movimento<\/p>\n<p>&#8211; Immagini, suoni, colori<\/p>\n<p>&#8211; I discorsi e le parole<\/p>\n<p>&#8211; La conoscenza del mondo.<\/p>\n<p>Ogni campo di esperienza offre oggetti, situazioni, immagini, linguaggi riferiti ai sistemi simbolici della nostra cultura capaci di stimolare e accompagnare gli apprendimenti dei bambini, rendendoli via via pi\u00f9 sicuri.<br \/>Le Indicazioni nazionali del 2012 sono state aggiornate nel 2018 con la previsione di \u201c\u00a0<a href=\"https:\/\/www.miur.gov.it\/documents\/20182\/0\/Indicazioni+nazionali+e+nuovi+scenari\/\">nuovi scenari<\/a>\u201d che pongono l\u2019accento soprattutto sull\u2019educazione alla cittadinanza e alla sostenibilit\u00e0, con riferimento alle Raccomandazione del Parlamento Europeo e del Consiglio dell\u2019Unione Europea e agli obiettivi enunciati dall\u2019ONU nell\u2019Agenda 2030 per lo sviluppo sostenibile.<\/p>\n<p><strong>Le metodologie didattiche e l\u2019organizzazione della giornata<br \/><\/strong>La scuola promuove lo star bene e un sereno apprendimento attraverso la cura degli ambienti, la predisposizione degli spazi educativi, la conduzione attenta dell\u2019intera giornata scolastica. Il curricolo della scuola dell\u2019infanzia si esplica in un\u2019equilibrata integrazione di momenti di cura, di relazione, di apprendimento.<br \/>L\u2019apprendimento avviene attraverso l\u2019azione, l\u2019esplorazione, il contatto con gli oggetti, la natura, l\u2019arte, il territorio, in una dimensione ludica, da intendersi come forma tipica di relazione e di conoscenza. Le metodologie didattiche fanno riferimento soprattutto all\u2019esperienza concreta, all\u2019esplorazione, alla scoperta, al gioco, al procedere per tentativi ed errori, alla conversazione e al confronto tra pari e con l\u2019adulto.<\/p>\n<p>Molto importanti sono le routine, momenti della giornata che si ripresentano in maniera costante e ricorrente legati all\u2019accoglienza, al benessere e all\u2019igiene, alla relazione interpersonale, che svolgono una funzione di regolazione dei ritmi della giornata e si offrono come base sicura per nuove esperienze e nuove sollecitazioni, aiutano i bambini ad orientarsi rispetto allo scorrere del tempo e potenziano le loro competenze personali, cognitive, affettive, comunicative: l\u2019appello, l\u2019attribuzione degli incarichi, la cura del corpo, il riordino dell\u2019ambiente, il pasto comunitario, il riposo.<\/p>\n<p>Ampio spazio viene riservato al gioco, durante il quale i bambini si esprimono, raccontano, rielaborano in modo creativo le esperienze personali e sociali.<br \/>L\u2019osservazione da parte dei docenti, nelle sue diverse modalit\u00e0, rappresenta uno strumento fondamentale per conoscere e accompagnare il bambino in tutte le sue dimensioni di sviluppo; la documentazione serve a tenere traccia, memoria e riflessione, negli adulti e nei bambini, dei progressi dell\u2019apprendimento individuale e di gruppo; la valutazione riconosce, accompagna, descrive e documenta i processi di crescita di ciascun bambino ed ha una valenza formativa.<\/p>\n<p>\n<\/div><\/div><\/div><div class=\"kc-elm kc-css-303531 small-12 columns small-12\"><div class=\"kc-col-container\">\n<div class=\"kc-elm kc-css-829442 kc-image-hover-effects kc-img-effects-1 zoom_in\">\n\n\t<a href=\"https:\/\/www.scuolamonterisi.edu.it\/wp-content\/uploads\/2020\/12\/PHOTO-2020-12-09-22-47-24-1.jpg\" rel=\"prettyPhoto\" class=\"kc-pretty-photo\"><img src=\"https:\/\/www.scuolamonterisi.edu.it\/wp-content\/uploads\/2020\/12\/PHOTO-2020-12-09-22-47-24-1.jpg\" alt=\"\"\/><\/a><a href=\"https:\/\/www.scuolamonterisi.edu.it\/wp-content\/uploads\/2020\/12\/PHOTO-2020-12-09-22-47-24-1.jpg\" rel=\"prettyPhoto\" class=\"kc-pretty-photo\"><div class=\"overlay-effects\"><div class=\"content-title\">ALLARGA<\/div><\/div><\/a>\n<\/div><div class=\"kc-elm kc-css-768129\" style=\"height: 20px; clear: both; width:100%;\"><\/div>\n<div class=\"kc-elm kc-css-380765 kc-image-hover-effects kc-img-effects-1 zoom_in\">\n\n\t<a href=\"https:\/\/www.scuolamonterisi.edu.it\/wp-content\/uploads\/2024\/12\/ingresso-1.jpg\" rel=\"prettyPhoto\" class=\"kc-pretty-photo\"><img src=\"https:\/\/www.scuolamonterisi.edu.it\/wp-content\/uploads\/2024\/12\/ingresso-1.jpg\" alt=\"\"\/><\/a><a href=\"https:\/\/www.scuolamonterisi.edu.it\/wp-content\/uploads\/2024\/12\/ingresso-1.jpg\" rel=\"prettyPhoto\" class=\"kc-pretty-photo\"><div class=\"overlay-effects\"><div class=\"content-title\">ALLARGA<\/div><\/div><\/a>\n<\/div><div class=\"kc-elm kc-css-851592\" style=\"height: 20px; clear: both; width:100%;\"><\/div>\n<div class=\"kc-elm kc-css-659189 kc-image-hover-effects kc-img-effects-1 zoom_in\">\n\n\t<a href=\"https:\/\/www.scuolamonterisi.edu.it\/wp-content\/uploads\/2024\/12\/WhatsApp-Image-2021-12-03-at-13.46.41-1.jpeg\" rel=\"prettyPhoto\" class=\"kc-pretty-photo\"><img src=\"https:\/\/www.scuolamonterisi.edu.it\/wp-content\/uploads\/2024\/12\/WhatsApp-Image-2021-12-03-at-13.46.41-1.jpeg\" alt=\"\"\/><\/a><a href=\"https:\/\/www.scuolamonterisi.edu.it\/wp-content\/uploads\/2024\/12\/WhatsApp-Image-2021-12-03-at-13.46.41-1.jpeg\" rel=\"prettyPhoto\" class=\"kc-pretty-photo\"><div class=\"overlay-effects\"><div class=\"content-title\">ALLARGA<\/div><\/div><\/a>\n<\/div><div class=\"kc-elm kc-css-966770\" style=\"height: 20px; clear: both; width:100%;\"><\/div>\n<div class=\"kc-elm kc-css-606332 kc-image-hover-effects kc-img-effects-1 zoom_in\">\n\n\t<a href=\"https:\/\/www.scuolamonterisi.edu.it\/wp-content\/uploads\/2020\/12\/PHOTO-2020-12-09-22-41-43.jpg\" rel=\"prettyPhoto\" class=\"kc-pretty-photo\"><img src=\"https:\/\/www.scuolamonterisi.edu.it\/wp-content\/uploads\/2020\/12\/PHOTO-2020-12-09-22-41-43.jpg\" alt=\"\"\/><\/a><a href=\"https:\/\/www.scuolamonterisi.edu.it\/wp-content\/uploads\/2020\/12\/PHOTO-2020-12-09-22-41-43.jpg\" rel=\"prettyPhoto\" class=\"kc-pretty-photo\"><div class=\"overlay-effects\"><div class=\"content-title\">ALLARGA<\/div><\/div><\/a>\n<\/div><\/div><\/div><\/div><\/div><\/div><div class=\"kc-elm kc-css-237705 kc-row-container module\"><div class=\"wc-row row\"><div class=\"kc-wrap-columns\"><div class=\"kc-elm kc-css-131917 small-12 columns small-12\"><div class=\"kc-col-container\">\n<div class=\"kc-elm kc-css-682883 kc_counter_box\">\n\t<i class=\"fa-users element-icon\"><\/i>\t<span class=\"counterup\">125<\/span>\n\t<h4>ALUNNI<\/h4><\/div>\n<\/div><\/div><div class=\"kc-elm kc-css-545174 small-12 columns small-12\"><div class=\"kc-col-container\">\n<div class=\"kc-elm kc-css-513459 kc_counter_box\">\n\t<i class=\"sl-people element-icon\"><\/i>\t<span class=\"counterup\">19<\/span>\n\t<h4>DOCENTI<\/h4><\/div>\n<\/div><\/div><div class=\"kc-elm kc-css-72927 small-12 columns small-12\"><div class=\"kc-col-container\">\n<div class=\"kc-elm kc-css-2328 kc_counter_box\">\n\t<i class=\"fa-university element-icon\"><\/i>\t<span class=\"counterup\">6<\/span>\n\t<h4>SEZIONI<\/h4><\/div>\n<\/div><\/div><\/div><\/div><\/div><\/p>\n","protected":false},"excerpt":{"rendered":"","protected":false},"author":1,"featured_media":0,"parent":0,"menu_order":0,"comment_status":"closed","ping_status":"closed","template":"template-modules.php","meta":[],"_links":{"self":[{"href":"https:\/\/www.scuolamonterisi.edu.it\/index.php\/wp-json\/wp\/v2\/pages\/1255"}],"collection":[{"href":"https:\/\/www.scuolamonterisi.edu.it\/index.php\/wp-json\/wp\/v2\/pages"}],"about":[{"href":"https:\/\/www.scuolamonterisi.edu.it\/index.php\/wp-json\/wp\/v2\/types\/page"}],"author":[{"embeddable":true,"href":"https:\/\/www.scuolamonterisi.edu.it\/index.php\/wp-json\/wp\/v2\/users\/1"}],"replies":[{"embeddable":true,"href":"https:\/\/www.scuolamonterisi.edu.it\/index.php\/wp-json\/wp\/v2\/comments?post=1255"}],"version-history":[{"count":13,"href":"https:\/\/www.scuolamonterisi.edu.it\/index.php\/wp-json\/wp\/v2\/pages\/1255\/revisions"}],"predecessor-version":[{"id":5755,"href":"https:\/\/www.scuolamonterisi.edu.it\/index.php\/wp-json\/wp\/v2\/pages\/1255\/revisions\/5755"}],"wp:attachment":[{"href":"https:\/\/www.scuolamonterisi.edu.it\/index.php\/wp-json\/wp\/v2\/media?parent=1255"}],"curies":[{"name":"wp","href":"https:\/\/api.w.org\/{rel}","templated":true}]}}