{"id":1333,"date":"2020-12-22T20:34:35","date_gmt":"2020-12-22T19:34:35","guid":{"rendered":"https:\/\/www.scuolamonterisi.edu.it\/wordpress\/?page_id=1333"},"modified":"2025-10-04T16:16:34","modified_gmt":"2025-10-04T14:16:34","slug":"piano-delle-attivta","status":"publish","type":"page","link":"https:\/\/www.scuolamonterisi.edu.it\/index.php\/istituto\/piano-delle-attivta\/","title":{"rendered":"PIANO DELLE ATTIVITA&#8217;"},"content":{"rendered":"<div class=\"kc-elm kc-css-427372 kc-row-container module\"><div class=\"wc-row row\"><div class=\"kc-wrap-columns\"><div class=\"kc-elm kc-css-855566 small-12 columns small-12\"><div class=\"kc-col-container\"><div id=\"440464\" class=\"section-title-wrapper\"><div class=\"section-title\"><h2>PIANO DELLE ATTIVITA:apos: FUNZIONALI ALL:apos:INSEGNAMENTO<\/h2><\/div><!-- Section title \/--><\/div><!-- Title Wrapper \/--><div class=\"kc-elm kc-css-390338 kc_text_block\"><\/p>\n<p style=\"font-weight: 400;\">Il Piano annuale delle attivit\u00e0 \u00e8 di importanza fondamentale, non solo perch\u00e9 si configura come documento utile per gli operatori scolastici in quanto contiene la pianificazione delle attivit\u00e0 che si dovranno svolgere, ma anche &#8211; e soprattutto \u2013 perch\u00e9 \u00e8 unatto che responsabilizza gli operatori stessi<em>, <\/em>in quanto esplicita gli impegni vincolanti per il raggiungimento del successo formativo degli allievi tramite:<\/p>\n<p style=\"font-weight: 400;\">&#8211; la garanzia della qualit\u00e0 del servizio offerto in termini di rispetto delle aspettative dell\u2019utenza interna<\/p>\n<p style=\"font-weight: 400;\">ed esterna;<\/p>\n<p style=\"font-weight: 400;\">&#8211;\u00a0 il perseguimento dell\u2019organizzazione di una gestione razionale delle risorse;<\/p>\n<p style=\"font-weight: 400;\">&#8211;\u00a0 il rispetto delle competenze e delle attitudini di ciascuno;<\/p>\n<p style=\"font-weight: 400;\">&#8211;\u00a0 la costruzione di un sano rapporto relazionale sul posto di lavoro;<\/p>\n<p style=\"font-weight: 400;\">&#8211;\u00a0 il contributo all\u2019instaurazione di un \u201cclima\u201d che tenda al rispetto della norma e della legalit\u00e0;<\/p>\n<p style=\"font-weight: 400;\">&#8211;\u00a0 la dotazione di un sistema di controllo atto a garantire adeguamenti in itinere.<\/p>\n<p style=\"font-weight: 400;\">Nel documento di contrattazione si afferma:<\/p>\n<ul>\n<li><em>\u201c<\/em><em>La funzione docente realizza \u2013 nel rispetto della Costituzione Italiana &#8211; il processo di insegnamento\/apprendimento volto a promuovere lo sviluppo umano, culturale, civile e professionale degli alunni, sulla base delle finalita\u0300 e degli obiettivi previsti dagli ordinamenti scolastici definiti per i vari ordini e gradi dell&#039;istruzione.\u201d<\/em><\/li>\n<li><em>\u201cLa funzione docente si fonda sull\u2019autonomia culturale e professionale dei docenti; essa si esplica nelle attivit\u00e0 individuali e collegiali e nella partecipazione alle attivita\u0300 di aggiornamento e formazione in servizio.\u201d<\/em><\/li>\n<li><em>\u201cIn attuazione dell\u2019autonomia scolastica i docenti, nelle attivita\u0300 collegiali, attraverso processi di confronto ritenuti piu\u0300 utili e idonei, elaborano, attuano e verificano, per gli aspetti pedagogico \u2013 didattici, il piano triennale dell\u2019offerta formativa, adattandone l\u2019articolazione alle differenziate esigenze degli alunni e tenendo conto del contesto socio &#8211; economico di riferimento, anche al fine del raggiungimento di condivisi obiettivi qualitativi di apprendimento in ciascuna classe e nelle diverse discipline. Dei relativi risultati saranno informate le famiglie con le modalita\u0300 decise dal collegio dei docenti. <\/em><\/li>\n<li><em>\u201cLe istituzioni scolastiche adottano ogni modalita\u0300 organizzativa che sia espressione di autonomia progettuale e sia coerente con gli obiettivi generali e specifici di ciascun tipo e indirizzo di studio, curando la promozione e il sostegno dei processi innovativi e il miglioramento dell\u2019offerta formativa.\u201d<\/em><\/li>\n<li><em>\u201cNel rispetto della liberta\u0300 d\u2019insegnamento, i competenti organi delle istituzioni scolastiche regolano lo svolgimento delle attivita\u0300 didattiche nel modo piu\u0300 adeguato al tipo di studi e ai ritmi di apprendimento degli alunni. \u201c<\/em><\/li>\n<\/ul>\n<p style=\"font-weight: 400;\">A tal fine gli obblighi di lavoro del personale docente sono cos\u00ec articolati in:<\/p>\n<ul>\n<li style=\"font-weight: 400;\">attivit\u00e0 ordinarie curriculari di insegnamento<\/li>\n<li style=\"font-weight: 400;\">in attivit\u00e0 funzionali alla prestazione d&#039;insegnamento<\/li>\n<\/ul>\n<p style=\"font-weight: 400;\">Possono, altres\u00ec, essere previste eventuali attivit\u00e0 aggiuntive retribuibili con il Fondo dell\u2019Istituzione scolastica, da definirequantitativamente in sede di contrattazione d\u2019istituto, compatibilmente con il budget:<\/p>\n<ul>\n<li style=\"font-weight: 400;\">attivit\u00e0 aggiuntive funzionali all&#039;insegnamento<\/li>\n<li style=\"font-weight: 400;\">in attivit\u00e0 aggiuntive di insegnamento.<\/li>\n<\/ul>\n<p>\n<\/div><\/div><\/div><div class=\"kc-elm kc-css-495537 small-12 columns small-12\"><div class=\"kc-col-container\"><div class=\"kc-elm kc-css-264108 kc_text_block\"><\/p>\n<h5 style=\"text-align: center;\"><strong>SCARICA IL PIANO DELLE ATTIVITA&#039;<\/strong><\/h5>\n<p>\n<\/div><div class=\"kc-elm kc-css-161604 kc_shortcode kc_single_image\">\n\n        <a  href=\"https:\/\/www.scuolamonterisi.edu.it\/wp-content\/uploads\/2025\/09\/piano-attivita-2025-26.pdf\" title=\"\" target=\"_blank\">\n        <img src=\"https:\/\/www.scuolamonterisi.edu.it\/wp-content\/uploads\/2020\/12\/download-pdf-3660827_960_720.png\" class=\"\" alt=\"\" \/>    <\/a>\n    <\/div>\n<div class=\"kc-elm kc-css-110240\" style=\"height: 20px; clear: both; width:100%;\"><\/div><div class=\"kc-elm kc-css-169938 kc_text_block\"><\/p>\n<h5 style=\"text-align: center;\"><strong>SCARICA IL PIANO SINTETICO<\/strong><\/h5>\n<p>\n<\/div><div class=\"kc-elm kc-css-985460 kc_shortcode kc_single_image\">\n\n        <a  href=\"https:\/\/www.scuolamonterisi.edu.it\/wp-content\/uploads\/2025\/09\/PA_sintentico.pdf\" title=\"\" target=\"_blank\">\n        <img src=\"https:\/\/www.scuolamonterisi.edu.it\/wp-content\/uploads\/2020\/12\/download-pdf-3660827_960_720.png\" class=\"\" alt=\"\" \/>    <\/a>\n    <\/div>\n<div class=\"kc-elm kc-css-695462\" style=\"height: 20px; clear: both; width:100%;\"><\/div><div class=\"kc-elm kc-css-269376 kc_text_block\"><\/p>\n<h5 style=\"text-align: center;\"><strong>SCARICA IL CALENDARIO DIRETTAMENTE SU DEVICE<\/strong><\/h5>\n<p>\n<\/div><div class=\"kc-elm kc-css-395680 kc_shortcode kc_single_image\">\n\n        <a  href=\"https:\/\/www.scuolamonterisi.edu.it\/wp-content\/uploads\/2025\/10\/admin@scuolamonterisi.edu_.it_.ics\" title=\"\" target=\"_blank\">\n        <img src=\"https:\/\/www.scuolamonterisi.edu.it\/wp-content\/uploads\/2020\/12\/ics.png\" class=\"\" alt=\"\" \/>    <\/a>\n    <\/div>\n<div class=\"kc-elm kc-css-364187\" style=\"height: 20px; clear: both; width:100%;\"><\/div><div class=\"kc-elm kc-css-776584 kc_text_block\"><\/p>\n<h5 style=\"text-align: center;\"><strong>ANCHE TRAMITE QR-CODE<\/strong><\/h5>\n<p>\n<\/div><div class=\"kc-elm kc-css-550053 kc_shortcode kc_single_image\">\n\n        <a rel=\"prettyPhoto\" class=\"kc-pretty-photo\" href=\"https:\/\/www.scuolamonterisi.edu.it\/wp-content\/uploads\/2025\/10\/qrcode_ics.png\" title=\"\" target=\"\">\n        <img src=\"https:\/\/www.scuolamonterisi.edu.it\/wp-content\/uploads\/2025\/10\/qrcode_ics.png\" class=\"\" alt=\"\" \/>    <\/a>\n    <\/div>\n<\/div><\/div><\/div><\/div><\/div>\n","protected":false},"excerpt":{"rendered":"","protected":false},"author":1,"featured_media":0,"parent":188,"menu_order":0,"comment_status":"closed","ping_status":"closed","template":"template-modules.php","meta":[],"_links":{"self":[{"href":"https:\/\/www.scuolamonterisi.edu.it\/index.php\/wp-json\/wp\/v2\/pages\/1333"}],"collection":[{"href":"https:\/\/www.scuolamonterisi.edu.it\/index.php\/wp-json\/wp\/v2\/pages"}],"about":[{"href":"https:\/\/www.scuolamonterisi.edu.it\/index.php\/wp-json\/wp\/v2\/types\/page"}],"author":[{"embeddable":true,"href":"https:\/\/www.scuolamonterisi.edu.it\/index.php\/wp-json\/wp\/v2\/users\/1"}],"replies":[{"embeddable":true,"href":"https:\/\/www.scuolamonterisi.edu.it\/index.php\/wp-json\/wp\/v2\/comments?post=1333"}],"version-history":[{"count":20,"href":"https:\/\/www.scuolamonterisi.edu.it\/index.php\/wp-json\/wp\/v2\/pages\/1333\/revisions"}],"predecessor-version":[{"id":6160,"href":"https:\/\/www.scuolamonterisi.edu.it\/index.php\/wp-json\/wp\/v2\/pages\/1333\/revisions\/6160"}],"up":[{"embeddable":true,"href":"https:\/\/www.scuolamonterisi.edu.it\/index.php\/wp-json\/wp\/v2\/pages\/188"}],"wp:attachment":[{"href":"https:\/\/www.scuolamonterisi.edu.it\/index.php\/wp-json\/wp\/v2\/media?parent=1333"}],"curies":[{"name":"wp","href":"https:\/\/api.w.org\/{rel}","templated":true}]}}