{"id":191,"date":"2016-11-25T10:26:32","date_gmt":"2016-11-25T10:26:32","guid":{"rendered":"https:\/\/www.webfulcreations.com\/themes\/education\/?page_id=191"},"modified":"2020-12-22T09:18:03","modified_gmt":"2020-12-22T08:18:03","slug":"faqs","status":"publish","type":"page","link":"https:\/\/www.scuolamonterisi.edu.it\/index.php\/area-genitori\/faqs\/","title":{"rendered":"FREQUENTLY ASKED QUESTIONS"},"content":{"rendered":"<p><div class=\"kc-elm kc-css-70331 kc-row-container module\"><div class=\"wc-row row\"><div class=\"kc-wrap-columns\"><div class=\"kc-elm kc-css-726213 small-12 columns small-12\"><div class=\"kc-col-container\"><div class=\"kc-elm kc-css-267589 kc-raw-code\"><section id=\"\" class=\"helpie-faq accordions  toggle\"><h3 class=\"collection-title\">Registro Elettronico<\/h3><form class=\"search\" onSubmit=\"return false;\"><input type=\"text\" class=\"search__input live-search-box\" placeholder=\"Cerca FAQ\"><img class=\"search__icon\" src=\"https:\/\/www.scuolamonterisi.edu.it\/wp-content\/plugins\/helpie-faq\/\/assets\/img\/search-icon.png\"><\/form><article class=\"accordion \"><li class=\"accordion__item\"><div class=\"accordion__header \" data-id=\"post-1043\" data-item=\"\"><div class=\"accordion__title\">Come posso avere le credenziali del registro elettronico?<\/div><\/div><div class=\"accordion__body\" ><p><p>Le credenziali del registro elettronico possono essere ritirate presso gli Uffici di Segreteria o richieste via mail indicando i dati dell&#8217;alunno<\/p>\n<\/p><\/div><\/li><li class=\"accordion__item\"><div class=\"accordion__header \" data-id=\"post-1062\" data-item=\"\"><div class=\"accordion__title\">Come posso giustificare ritardi e assenze di mio figlio?<\/div><\/div><div class=\"accordion__body\" ><p><p>Da quest&#8217;anno \u00e8 possibile giustificare le assenze attraverso apposita funzione del registro elettronico<\/p>\n<\/p><\/div><\/li><li class=\"accordion__item\"><div class=\"accordion__header \" data-id=\"post-1060\" data-item=\"\"><div class=\"accordion__title\">Esiste un account alunno per il registro elettronico?<\/div><\/div><div class=\"accordion__body\" ><p><p>Si. Gli alunni devono avere account personali distinti da quelli dei genitori\/tutori. Le credenziali per gli account degli alunni sono rilasciate nella stessa modalit\u00e0 di quelle dei genitori<\/p>\n<\/p><\/div><\/li><li class=\"accordion__item\"><div class=\"accordion__header \" data-id=\"post-1804\" data-item=\"\"><div class=\"accordion__title\">Ho smarrito la password del registro elettronico cosa posso fare?<\/div><\/div><div class=\"accordion__body\" ><p><p>al seguente <a href=\"https:\/\/www.scuolamonterisi.edu.it\/wp-content\/uploads\/2025\/09\/Istruzioni-Per-Il-Recupero-Della-Password-Di-Argo.pdf\">LINK<\/a> \u00e8 possibile scarica una piccola guida per resettare\/recuperare la password dell&#8217;account<\/p>\n<\/p><\/div><\/li><li class=\"accordion__item\"><div class=\"accordion__header \" data-id=\"post-2814\" data-item=\"\"><div class=\"accordion__title\">Come posso prenotare un colloquio con i docenti<\/div><\/div><div class=\"accordion__body\" ><p><p>Seguendo le modalit\u00e0 ed il calendario illustrati alla pagina <a href=\"https:\/\/www.scuolamonterisi.edu.it\/index.php\/area-genitori\/ricevimento-genitori\/\">RICEVIMENTO GENITORI<\/a> dall\u2019APP di ARGO-FAMIGLIE selezionare sul MENU A SINISTRA<\/p>\n<ul>\n<li>Ricevimento docenti<\/li>\n<li>Nuova Prenotazione<\/li>\n<li>Docente interessato<\/li>\n<li>Data del colloquio<\/li>\n<li>Conferma<\/li>\n<\/ul>\n<\/p><\/div><\/li><li class=\"accordion__item\"><div class=\"accordion__header \" data-id=\"post-2900\" data-item=\"\"><div class=\"accordion__title\">Sar\u00e0 possibile visualizzare le valutazioni di mio figlio nell'area 'Voti giornalieri' del Registro Elettronico?<\/div><\/div><div class=\"accordion__body\" ><p><p>Dall&#8217;anno scolastico 2022-2023 \u00e8 possibile prendere visione delle valutazioni giornaliere delle prove scritte, pratiche ed orali degli alunni. E&#8217; opportuno far presente che le singole valutazioni fotografano il livello di preparazione di un alunno in un determinato momento, ma non riescono a spiegare le condizioni personali, emotive, di salute e\/o di contesto che possono aver influito sul rendimento dello stesso. Per evitare che il momento della valutazione si trasformi in una mera registrazione burocratica di uno sterile numero, \u00e8 bene che del rendimento del proprio figlio i genitori parlino direttamente con i docenti durante i colloqui individuali programmati, importanti e necessari momenti di confronto e di arricchimento per gli stessi docenti. Obiettivo principale della nostra comunit\u00e0 scolastica \u00e8 quello di raggiungere un rapporto dialogico permanente e trasparente per accompagnare e sostenere il successo formativo degli alunni.<\/p>\n<\/p><\/div><\/li><\/article><\/section><\/div><div class=\"kc-elm kc-css-133437 kc-raw-code\"><section id=\"\" class=\"helpie-faq accordions  toggle\"><h3 class=\"collection-title\">Indirizzo Musicale<\/h3><form class=\"search\" onSubmit=\"return false;\"><input type=\"text\" class=\"search__input live-search-box\" placeholder=\"Cerca FAQ\"><img class=\"search__icon\" src=\"https:\/\/www.scuolamonterisi.edu.it\/wp-content\/plugins\/helpie-faq\/\/assets\/img\/search-icon.png\"><\/form><article class=\"accordion \"><li class=\"accordion__item\"><div class=\"accordion__header \" data-id=\"post-1041\" data-item=\"\"><div class=\"accordion__title\">Cosa \u00e8 l'Indirizzo Musicale?<\/div><\/div><div class=\"accordion__body\" ><p><p>\u00e8 un&#8217;offerta formativa che si aggiunge al normale orario di 30 ore della scuola secondaria di primo grado. Prevede due ore aggiuntive pomeridiane di lezioni di strumento musicale individuali.<\/p>\n<\/p><\/div><\/li><li class=\"accordion__item\"><div class=\"accordion__header \" data-id=\"post-1053\" data-item=\"\"><div class=\"accordion__title\">Quali strumenti sono presenti nella scuola?<\/div><\/div><div class=\"accordion__body\" ><p><p>Grazie alla dotazione organica di 17 docenti di strumento musicali e di 4 indirizzi musicali \u00e8 possibile esprimere preferenze tra le seguenti discipline strumentali:<\/p>\n<ul>\n<li>Arpa<\/li>\n<li>Pianoforte<\/li>\n<li>Chitarra<\/li>\n<li>Violino<\/li>\n<li>Violoncello<\/li>\n<li>Flauto traverso<\/li>\n<li>Clarinetto<\/li>\n<li>Oboe<\/li>\n<li>Fagotto<\/li>\n<li>Saxofono<\/li>\n<li>Tromba<\/li>\n<li>Corno<\/li>\n<li>Percussioni<\/li>\n<\/ul>\n<\/p><\/div><\/li><li class=\"accordion__item\"><div class=\"accordion__header \" data-id=\"post-1079\" data-item=\"\"><div class=\"accordion__title\">Mio figlio non ha mai studiato musica, pu\u00f2 iscriversi in una classe ad indirizzo musicale?<\/div><\/div><div class=\"accordion__body\" ><p><p>Certamente! il curricolo della disciplina di strumento musicale nella scuola secondaria di primo grado non richiede alcun prerequisito per l&#8217;ammissione.<\/p>\n<\/p><\/div><\/li><li class=\"accordion__item\"><div class=\"accordion__header \" data-id=\"post-1603\" data-item=\"\"><div class=\"accordion__title\">Quali sono i criteri di ammissione all'indirizzo musicale?<\/div><\/div><div class=\"accordion__body\" ><p><p>I criteri deliberati dal Consiglio di Istituto sono pubblicati alla pagina <a href=\"https:\/\/www.scuolamonterisi.edu.it\/wordpress\/index.php\/indirizzo-musicale\/criteri-di-ammissione\/\">CRITERI DI AMMISSIONE<\/a><\/p>\n<\/p><\/div><\/li><\/article><\/section><\/div><div class=\"kc-elm kc-css-368311 kc-raw-code\"><section id=\"\" class=\"helpie-faq accordions  toggle\"><h3 class=\"collection-title\">Segreteria<\/h3><form class=\"search\" onSubmit=\"return false;\"><input type=\"text\" class=\"search__input live-search-box\" placeholder=\"Cerca FAQ\"><img class=\"search__icon\" src=\"https:\/\/www.scuolamonterisi.edu.it\/wp-content\/plugins\/helpie-faq\/\/assets\/img\/search-icon.png\"><\/form><article class=\"accordion \"><li class=\"accordion__item\"><div class=\"accordion__header \" data-id=\"post-1054\" data-item=\"\"><div class=\"accordion__title\">Quali sono gli orari di ricevimento degli uffici di segreteria?<\/div><\/div><div class=\"accordion__body\" ><p><p>Gli uffici di segreteria sono aperti al pubblico dal luned\u00ec al venerd\u00ec dalle ore 11:00 alle 13:00. Per particolari esigenze \u00e8 possibile prenotare il ricevimento tramite mail: <a href=\"mailto:saic8cf006@istruzione.it\">s<\/a>aic8cf006@istruzione.it \u00a0o per via telefonica 089.751487<\/p>\n<\/p><\/div><\/li><\/article><\/section><\/div><div class=\"kc-elm kc-css-426084 kc-raw-code\"><section id=\"\" class=\"helpie-faq accordions  toggle\"><h3 class=\"collection-title\">Iscrizioni<\/h3><form class=\"search\" onSubmit=\"return false;\"><input type=\"text\" class=\"search__input live-search-box\" placeholder=\"Cerca FAQ\"><img class=\"search__icon\" src=\"https:\/\/www.scuolamonterisi.edu.it\/wp-content\/plugins\/helpie-faq\/\/assets\/img\/search-icon.png\"><\/form><article class=\"accordion \"><li class=\"accordion__item\"><div class=\"accordion__header \" data-id=\"post-1056\" data-item=\"\"><div class=\"accordion__title\">Come posso iscrivere mio figlio alla scuola dell'infanzia?<\/div><\/div><div class=\"accordion__body\" ><p><p>L&#8217;iscrizione alle sezioni della scuola dell&#8217;Infanzia \u00e8 da effettuare direttamente alla scuola tramite apposito modulo scaricabile dall&#8217;area modulistica. Sar\u00e0 possibile ritirare il modulo di iscrizione anche presso la segreteria dell&#8217;istituto in via Loria o presso il plesso &#8220;Don Milani&#8221; di via B.Corenzio n.46<\/p>\n<\/p><\/div><\/li><li class=\"accordion__item\"><div class=\"accordion__header \" data-id=\"post-1057\" data-item=\"\"><div class=\"accordion__title\">Come posso iscrivere mio figlio alla prima classe della scuola primaria?<\/div><\/div><div class=\"accordion__body\" ><p><p>Per le iscrizioni alla prima classe della scuola Primaria (scuola elementare) si dovr\u00e0 procedere tramite il portale del Ministero dell&#8217;Istruzione: <a href=\"http:\/\/www.unica.it\">www.unica.it<\/a><\/p>\n<p>Dal 19 dicembre le famiglie possono registrarsi sul portale del Ministero e dal 4 al 25 gennaio sar\u00e0 possibile iscriversi tramite procedura online. Ai fini della compilazione del modulo di iscrizione \u00e8 opportuno appuntare il codice meccanografico della nostra scuola primaria:\u00a0<strong>SAEE8CF018 <\/strong>da inserire nella procedura per avere accesso al nostro modulo di iscrizione.<\/p>\n<p>Presso gli uffici di segreteria sar\u00e0 possibile avere supporto in caso di necessit\u00e0.<\/p>\n<\/p><\/div><\/li><li class=\"accordion__item\"><div class=\"accordion__header \" data-id=\"post-1087\" data-item=\"\"><div class=\"accordion__title\">Come posso iscrivere mio figlio alla prima classe della scuola secondaria di primo grado?<\/div><\/div><div class=\"accordion__body\" ><p><p>Per le iscrizioni alla prima classe della scuola secondaria di primo grado (scuola media) si dovr\u00e0 procedere tramite il portale del Ministero dell&#8217;Istruzione: <a href=\"http:\/\/www.unica.it\">www.unica.it<\/a><\/p>\n<p>Dal 19 dicembre le famiglie possono registrarsi sul portale del Ministero e dal 4 al 25 gennaio sar\u00e0 possibile iscriversi tramite procedura online. Ai fini della compilazione del modulo di iscrizione \u00e8 opportuno appuntare il codice meccanografico della nostra scuola primaria:\u00a0<strong>SAMM8CF017 <\/strong>da inserire nella procedura per avere accesso al nostro modulo di iscrizione.<\/p>\n<p>Presso gli uffici di segreteria sar\u00e0 possibile avere supporto in caso di necessit\u00e0.<\/p>\n<\/p><\/div><\/li><li class=\"accordion__item\"><div class=\"accordion__header \" data-id=\"post-1609\" data-item=\"\"><div class=\"accordion__title\">Dove trovo il codice della scuola a cui indirizzare la domanda?<\/div><\/div><div class=\"accordion__body\" ><p><p>Il codice della scuola Primaria (scuola elementare) \u00e8 <strong>SAEE8CF018<\/strong><\/p>\n<p>Il codice per la scuola secondaria di primo grado (scuola media) \u00e8 <strong>SAMM8CF017<\/strong><\/p>\n<p>I codici delle scuole possono essere ricercati anche tramite il sito &#8220;<a href=\"https:\/\/cercalatuascuola.istruzione.it\/\">Scuola in chiaro<\/a>&#8221; del M.I.<\/p>\n<\/p><\/div><\/li><li class=\"accordion__item\"><div class=\"accordion__header \" data-id=\"post-1611\" data-item=\"\"><div class=\"accordion__title\">Posso utilizzare le credenziali di accesso utilizzate gli anni scorsi per iscrivere un altro figlio?<\/div><\/div><div class=\"accordion__body\" ><p><p>Si. Le credenziali ottenute lo scorso anno tramite la registrazione al portale Ministero dell\u2019Istruzione sono ancora valide. Per chi non ricordi la password o l\u2019username si possono utilizzare le funzioni di recupero.<\/p>\n<\/p><\/div><\/li><li class=\"accordion__item\"><div class=\"accordion__header \" data-id=\"post-1613\" data-item=\"\"><div class=\"accordion__title\">Non ho gli strumenti necessari a compilare l'iscrizione on-line posso come posso fare?<\/div><\/div><div class=\"accordion__body\" ><p><p>Gli uffici di segreteria potranno supportare le famiglie per l&#8217;iscrizione online tramite colloquio telefonico o appuntamento concordato al 089.751487 area alunni.<\/p>\n<\/p><\/div><\/li><\/article><\/section><\/div><\/div><\/div><div class=\"kc-elm kc-css-881961 small-12 columns small-12\"><div class=\"sidebar kc-col-container\"><div id=\"548434\" class=\"icon-box\"><div class=\"icon-side float-left\"><i class=\"fa fa-heart\" aria-hidden=\"true\"><\/i>\n\t\t\t\t\t<\/div>\n\t\t\t\t\t<div class=\"info-side float-left\"><p><strong>Perch\u00e9 studiare da noi?<\/strong><br>Per poter usufruire della pi\u00f9 ampia offerta formativa possibile<\/p>\n\t\t\t\t\t<\/div>\n\t\t\t\t\t<div class=\"clearfix\"><\/div>\n\t\t\t\t<\/div><div id=\"131369\" class=\"icon-box\"><div class=\"icon-side float-left\"><i class=\"fa et-laptop\" aria-hidden=\"true\"><\/i>\n\t\t\t\t\t<\/div>\n\t\t\t\t\t<div class=\"info-side float-left\"><p><strong>Innovazione Tecnologica<\/strong><br>Aggiorniamo costantemente le nostre dotazioni digitali per aiutare la tua formazione<\/p>\n\t\t\t\t\t<\/div>\n\t\t\t\t\t<div class=\"clearfix\"><\/div>\n\t\t\t\t<\/div><div id=\"617130\" class=\"icon-box\"><div class=\"icon-side float-left\"><i class=\"fa fa-user\" aria-hidden=\"true\"><\/i>\n\t\t\t\t\t<\/div>\n\t\t\t\t\t<div class=\"info-side float-left\"><p><strong>Personale qualificato<\/strong><br>la scuola vanta corpo docente stabile e costantemente aggiornato<\/p>\n\t\t\t\t\t<\/div>\n\t\t\t\t\t<div class=\"clearfix\"><\/div>\n\t\t\t\t<\/div><div id=\"183196\" class=\"icon-box\"><div class=\"icon-side float-left\"><i class=\"fa sl-music-tone-alt\" aria-hidden=\"true\"><\/i>\n\t\t\t\t\t<\/div>\n\t\t\t\t\t<div class=\"info-side float-left\"><p><strong>Indirizzo Musicale<\/strong><br>grazie al suo organico di diritto e alla professionalit\u00e0 comprovata da anni la scuola \u00e8 un'eccellenza riconosciuta in tutta Italia<\/p>\n\t\t\t\t\t<\/div>\n\t\t\t\t\t<div class=\"clearfix\"><\/div>\n\t\t\t\t<\/div><\/div><\/div><\/div><\/div><\/div><div class=\"kc-elm kc-css-70897 kc-row-container module transparent-background\"><div class=\"wc-row row\"><div class=\"kc-wrap-columns\"><div class=\"kc-elm kc-css-709684 small-12 columns small-12\"><div class=\"kc-col-container\"><div id=\"129985\" class=\"section-title-wrapper\"><div class=\"section-title\"><h2>Contact Us Now!<\/h2><p>Fill in the form below to get in touch!<\/p><\/div><!-- Section title \/--><\/div><!-- Title Wrapper \/--><div class=\"kc-elm kc-css-372816 kc-raw-code\"><div role=\"form\" class=\"wpcf7\" id=\"wpcf7-f452-o1\" lang=\"en-US\" dir=\"ltr\">\n<div class=\"screen-reader-response\"><p role=\"status\" aria-live=\"polite\" aria-atomic=\"true\"><\/p> <ul><\/ul><\/div>\n<form action=\"\/index.php\/wp-json\/wp\/v2\/pages\/191#wpcf7-f452-o1\" method=\"post\" class=\"wpcf7-form init\" novalidate=\"novalidate\" data-status=\"init\">\n<div style=\"display: none;\">\n<input type=\"hidden\" name=\"_wpcf7\" value=\"452\" \/>\n<input type=\"hidden\" name=\"_wpcf7_version\" value=\"5.3\" \/>\n<input type=\"hidden\" name=\"_wpcf7_locale\" value=\"en_US\" \/>\n<input type=\"hidden\" name=\"_wpcf7_unit_tag\" value=\"wpcf7-f452-o1\" \/>\n<input type=\"hidden\" name=\"_wpcf7_container_post\" value=\"0\" \/>\n<input type=\"hidden\" name=\"_wpcf7_posted_data_hash\" value=\"\" \/>\n<\/div>\n<div class=\"contact-form\">\n<div class=\"row\">\n<div class=\"medium-6 small-12 columns\"><label><input type=\"text\" value=\"\" placeholder=\"il tuo nome qui...\"><\/label><\/div>\n<div class=\"medium-6 small-12 columns\"><label><input type=\"text\" value=\"\" placeholder=\"il tuo cognome qui...\"><\/label><\/div>\n<\/div>\n<div class=\"row\">\n<div class=\"medium-6 small-12 columns\"><label><input type=\"text\" value=\"\" placeholder=\"scrivi la tua mail...\"><\/label><\/div>\n<div class=\"medium-6 small-12 columns\"><label><input type=\"text\" value=\"\" placeholder=\"oggetto della comunicazione...\"><\/label><\/div>\n<\/div>\n<div class=\"row\">\n<div class=\"medium-6 small-12 columns\"><label><select><option value=\"1\">Scegli lo strumento<\/option><option value=\"2\">Clarinetto<\/option><option value=\"3\">Chitarra<\/option><option value=\"4\">Corno<\/option><option value=\"5\">Fagotto<\/option><option value=\"6\">Flauto<\/option><option value=\"7\">Oboe<\/option><option value=\"8\">Percussioni<\/option><option value=\"9\">Pianoforte<\/option><option value=\"10\">Saxofono<\/option><option value=\"11\">Tromba<\/option><option value=\"12\">Violino<\/option><option value=\"13\">Violoncello<\/option><\/select><\/label><\/div>\n<div class=\"medium-6 small-12 columns\"><label><select><option value=\"1\">scegli il docente<\/option><option value=\"2\">Alfinito Rosa<\/option><option value=\"3\">Carrus Giuseppe<\/option><option value=\"4\">Ciriaco Francesco<\/option><option value=\"5\">Criscuolo Matteo<\/option><option value=\"6\">De Chiara Cinzia<\/option><option value=\"7\">De Giacomo Nicola<\/option><option value=\"8\">Del Galdo Matteo<\/option><option value=\"9\">Del Regno Raffaele<\/option><option value=\"10\">Galibardi Raffaello<\/option><option value=\"11\">Maresca Luigi Angelo<\/option><option value=\"12\">Merlino Lia Matteo<\/option><option value=\"13\">Petroli Anna<\/option><option value=\"14\">Proto Antonio<\/option><option value=\"15\">Ragone Anna<\/option><option value=\"16\">Russo Pietro<\/option><option value=\"17\">Scala Giuseppe<\/option><option value=\"18\">Vitale Antonio<\/option><\/select><\/label><\/div>\n<\/div>\n<div class=\"row\">\n<div class=\"medium-12 small-12 columns\"><label><textarea rows=\"4\" placeholder=\"il tuo messaggio...\"><\/textarea><\/label><input type=\"submit\" class=\"button primary bordered-light\" value=\"INVIA IL MESSAGGIO\"><\/div>\n<\/div>\n<\/div>\n<div class=\"wpcf7-response-output\" aria-hidden=\"true\"><\/div><\/form><\/div><\/div><\/div><\/div><\/div><\/div><\/div><\/p>\n","protected":false},"excerpt":{"rendered":"","protected":false},"author":1,"featured_media":0,"parent":153,"menu_order":0,"comment_status":"closed","ping_status":"closed","template":"template-modules.php","meta":[],"_links":{"self":[{"href":"https:\/\/www.scuolamonterisi.edu.it\/index.php\/wp-json\/wp\/v2\/pages\/191"}],"collection":[{"href":"https:\/\/www.scuolamonterisi.edu.it\/index.php\/wp-json\/wp\/v2\/pages"}],"about":[{"href":"https:\/\/www.scuolamonterisi.edu.it\/index.php\/wp-json\/wp\/v2\/types\/page"}],"author":[{"embeddable":true,"href":"https:\/\/www.scuolamonterisi.edu.it\/index.php\/wp-json\/wp\/v2\/users\/1"}],"replies":[{"embeddable":true,"href":"https:\/\/www.scuolamonterisi.edu.it\/index.php\/wp-json\/wp\/v2\/comments?post=191"}],"version-history":[{"count":4,"href":"https:\/\/www.scuolamonterisi.edu.it\/index.php\/wp-json\/wp\/v2\/pages\/191\/revisions"}],"predecessor-version":[{"id":1289,"href":"https:\/\/www.scuolamonterisi.edu.it\/index.php\/wp-json\/wp\/v2\/pages\/191\/revisions\/1289"}],"up":[{"embeddable":true,"href":"https:\/\/www.scuolamonterisi.edu.it\/index.php\/wp-json\/wp\/v2\/pages\/153"}],"wp:attachment":[{"href":"https:\/\/www.scuolamonterisi.edu.it\/index.php\/wp-json\/wp\/v2\/media?parent=191"}],"curies":[{"name":"wp","href":"https:\/\/api.w.org\/{rel}","templated":true}]}}